{"id":175,"date":"2007-07-21T07:28:17","date_gmt":"2007-07-21T07:28:17","guid":{"rendered":"http:\/\/kwenzini.com\/main\/index.php\/future-x\/"},"modified":"2020-12-06T05:51:02","modified_gmt":"2020-12-06T05:51:02","slug":"future-x","status":"publish","type":"page","link":"https:\/\/kwenzini.com\/main\/future-x\/","title":{"rendered":"FUTURE X"},"content":{"rendered":"<p><a class=\"imagelink\" title=\"jckt-concordia.jpg\" href=\"https:\/\/kwenzini.com\/main\/wp-content\/uploads\/jckt-concordia.jpg\"><img decoding=\"async\" id=\"image178\" src=\"https:\/\/kwenzini.com\/main\/wp-content\/uploads\/jckt-concordia.thumbnail.jpg\" alt=\"jckt-concordia.jpg\"><\/a><\/p>\n<p>FUTURE X was a spin-off involving Dave from KWENZINI\/MR SKIN, and THIERRY CHAUVET a.k.a.TERRY;French singer\/songwriter multi-instrumentalist. The two men collaborated on their 1st album &#8221; CONCORDIA&#8221; in April\/May 2007,spawning among others the emotional &#8220;La-Haut Dans Le Ciel&#8221; penned by Thierry;and the immense &#8220;When Tears Subside&#8221; by Dave and featuring some epic piano from BERTRAND BEUF.Apart from contributions from Bertrand, the album also featured drumming from PHILIPPE DEYZIEUX, drummer from KWENZINI\/MR SKIN\/MAYA SOUL, toasting from JABBA, and BV&#8217;s from KARINE PAUTHIER. &#8220;CONCORDIA&#8221; was entirely recorded at Thierry&#8217;s home in St Martin, F.W.I.The two &nbsp;collaborated on several live shows in the winter of 2009\/10. Thierry Chauvet passed away in December 2019 from lung cancer.<\/p>\n<p>FUTURE X \u00e9tait un derivation qui consistait de Dave de KWENZINI\/MR SKIN,et THIERRY CHAUVET ALIAS TERRY;auteur-compositeur-interprete Francais.Les deux hommes ont pondu leur 1er CD &#8220;CONCORDIA&#8221; en Avril\/Mai 2007,avec parmi d&#8217;autres la chansion emotionelle &#8216;La-Haut Dans Le Ciel&#8221; ecrit par Thierry;et l&#8217;immense &#8220;&#8216;When Tears Subside&#8221; de Dave qui mets en valeur de la piano de BERTRAND BEUF. A part des contributions de Bertrand. le CD est elabor\u00e9 aussi de la batterie de PHILIPPE DEYZIEUX,batteur de KWENZINI\/MR SKIN,du toasting de JABBA;et des choeurs de KARINE PAUTHIER. &#8220;CONCORDIA&#8221; etait enregistr\u00e9 entierement chez Thierry \u00e9\u00a1 St Martin,Antilles Fran\u00e9\u00a7aises&#8221;Les deux hommes avait fait des soir\u00e9es concert dans l&#8217;hiver de 2009\/10. Thierry Chauvet est d\u00e9c\u00e9d\u00e9 des suites d&#8217;un cancer en D\u00e9cembre 2019.<\/p>\n","protected":false},"excerpt":{"rendered":"<p>FUTURE X was a spin-off involving Dave from KWENZINI\/MR SKIN, and THIERRY CHAUVET a.k.a.TERRY;French singer\/songwriter multi-instrumentalist. The two men collaborated on their 1st album &#8221; CONCORDIA&#8221; in April\/May 2007,spawning among others the emotional &#8220;La-Haut Dans Le Ciel&#8221; penned by Thierry;and the immense &#8220;When Tears Subside&#8221; by Dave and featuring some epic piano from BERTRAND BEUF.Apart &hellip; <a href=\"https:\/\/kwenzini.com\/main\/future-x\/\" class=\"more-link\">Continue reading <span class=\"screen-reader-text\">FUTURE X<\/span> <span class=\"meta-nav\">&rarr;<\/span><\/a><\/p>\n","protected":false},"author":2,"featured_media":0,"parent":0,"menu_order":0,"comment_status":"open","ping_status":"open","template":"","meta":{"ngg_post_thumbnail":0,"footnotes":""},"class_list":["post-175","page","type-page","status-publish","hentry"],"_links":{"self":[{"href":"https:\/\/kwenzini.com\/main\/wp-json\/wp\/v2\/pages\/175","targetHints":{"allow":["GET"]}}],"collection":[{"href":"https:\/\/kwenzini.com\/main\/wp-json\/wp\/v2\/pages"}],"about":[{"href":"https:\/\/kwenzini.com\/main\/wp-json\/wp\/v2\/types\/page"}],"author":[{"embeddable":true,"href":"https:\/\/kwenzini.com\/main\/wp-json\/wp\/v2\/users\/2"}],"replies":[{"embeddable":true,"href":"https:\/\/kwenzini.com\/main\/wp-json\/wp\/v2\/comments?post=175"}],"version-history":[{"count":2,"href":"https:\/\/kwenzini.com\/main\/wp-json\/wp\/v2\/pages\/175\/revisions"}],"predecessor-version":[{"id":3406,"href":"https:\/\/kwenzini.com\/main\/wp-json\/wp\/v2\/pages\/175\/revisions\/3406"}],"wp:attachment":[{"href":"https:\/\/kwenzini.com\/main\/wp-json\/wp\/v2\/media?parent=175"}],"curies":[{"name":"wp","href":"https:\/\/api.w.org\/{rel}","templated":true}]}}