{"id":230,"date":"2008-09-04T12:59:21","date_gmt":"2008-09-04T12:59:21","guid":{"rendered":"http:\/\/kwenzini.com\/main\/index.php\/previous-bands-dave\/"},"modified":"2017-02-25T02:21:18","modified_gmt":"2017-02-25T02:21:18","slug":"previous-bands-dave","status":"publish","type":"page","link":"https:\/\/kwenzini.com\/main\/previous-bands-dave\/","title":{"rendered":"PREVIOUS BANDS&#8211;DAVE"},"content":{"rendered":"<p>THE APOCALYPSE CHOIR<\/p>\n<p><a class=\"imagelink\" href=\"https:\/\/kwenzini.com\/main\/wp-content\/uploads\/2006\/11\/hp_scands_66811263333_2.jpg\" title=\"hp_scands_66811263333_2.jpg\"><img decoding=\"async\" id=\"image70\" src=\"https:\/\/kwenzini.com\/main\/wp-content\/uploads\/2006\/11\/hp_scands_66811263333_2.thumbnail.jpg\" alt=\"hp_scands_66811263333_2.jpg\" \/><\/a><br \/>\nThe Apocalypse Choir was Dave&#8217;s 1st band. It lasted from January 1981 until December of the same year. Formed with KATERINA ELHAJ(vx\/kbds),DAVE CALLADINE(vx\/ukelele), STEVE MARSDEN(bass), JOHN ARMSTRONG(Guitar),R.F.TWEEDY(M.C and madness),MAUGHNAH(Oboe), KATE MUSKER(viola),STALWART(sax),KIETH WATERHOUSE(drums) and STEVE ANDREWS(guitars\/bass).The band were the first band to open the now famous HEBDEN BRIDGE TRADES CLUB. in September 1981 the band toured The Netherlands, playing 12 concerts including the world famous MELKWEG. On it&#8217;s return to the UK the band fragmented and Dave and Steve Marsden formed the short-lived STONKERS.<\/p>\n<p>THE ANSWER?\/ANUTABU<br \/>\n<a class=\"imagelink\" href=\"https:\/\/kwenzini.com\/main\/wp-content\/uploads\/2006\/11\/hp_scands_66810422358_3.jpg\" title=\"hp_scands_66810422358_3.jpg\"><img decoding=\"async\" id=\"image69\" src=\"https:\/\/kwenzini.com\/main\/wp-content\/uploads\/2006\/11\/hp_scands_66810422358_3.thumbnail.jpg\" alt=\"hp_scands_66810422358_3.jpg\" \/><\/a><br \/>\nAfter the Apocalypse Choir, Dave formed 2 bands, THE STONKERS and THE SPEAKERS.These bands lasted a few months each and only amassed a total of 30 dates between them. STEVE MARSDEN got married and Dave moved back to Manchester to form THE ANSWER? with PAUL COCKROFT (drums\/vocals) and IAN McDOUGALL (bass).This band was the first to truly feature all of Dave&#8217;s songs.Paul also contributed material and Ian collaborated in the arranging of all the songs. In Dave&#8217;s mind it remains the most collaborative band he&#8217;s ever been involved in,indeed one of the most productive.The band lasted 3 years from 1984 &#8211; 1987. The peak of the band&#8217;s gigging career was from June 1985 &#8211; May 1986 during which time they gave 97 concerts. They were a regular act at the now-defunct MANCHESTER GALLERY and shared an apartment in Longsight, where Dave wrote over 40 songs, such was the ambience of the flat.In February 1986 the band changed it&#8217;s name to ANUTABU and recorded 4 songs in the studio: &#8220;HANDS OF TIME&#8221;, &#8220;TOO MUCH TALKING&#8221;, &#8220;TRUE LOVE&#8221; all penned by Dave and &#8220;INDESTRUCTIBLE&#8221; words by Paul and music by Dave with arrangements by the band in general.&#8221;HANDS OF TIME&#8221; is one of the songs posted on this site.In 1986 the band was supposed to go to Europe on tour but by this time the energy was dissipating and Paul left to tour Germany with another band.Dave and Ian mostly spent this time involved in their relationships and when Paul returned to the band in March of 1987 ANUTABU prepared new songs and left for France in June to tour the COTE D&#8217;AZUR. The tour was ill-fated and the band finally disbanded in July. Paul Cockroft died of complications due to cancer of the stomach in 1991. Ian still resides in the north of England.<\/p>\n<p>Apres le tr\u00e9passe du groupe Apocalypse Choir,Dave  \u00e9\u00a1 form\u00e9 2 groupes;THE STONKERS et THE SPEAKERS.Ces groupes n&#8217;ont vecu que quelques mois et ont amass\u00e9s un total de 30 dates \u00e9\u00a1 tous les deux groupes.STEVE MARSDEN s&#8217;est mari\u00e9 et Dave a redemenag\u00e9 \u00e9\u00a1 Manchester pour cr\u00e9er THE ANSWER? avec PAUL COCKROFT (batterie\/voix) et IAN McDOUGALL (basse).Ce groupe \u00e9tait le premier \u00e9\u00a1 interpreter les compositions actuels de Dave.Paul aussi contribuait les chansons et Ian participait dans les arrangements des morceaux.dans l&#8217;opinion de Dave il reste le projet o\u00e9\u00ba il y a eu le plus de cr\u00e9ativit\u00e9 collectif,et certainment un des plus prolifics.Le groupe a vecu 3 ans, de 1984-1987. La p\u00e9riode la plus active dans la vie du groupe etait de Juin 1985-May 1986.Ils jouaient regulieremnet au MANCHESTER GALLERY et partag\u00e9 non seulement la musique mais aussi un appartement \u00e9\u00a1 Longsight, o\u00e9\u00ba Dave a ecrit plus de 40 chansons;telle \u00e9tait l&#8217;ambiance de l&#8217;appart.En F\u00e9vrier 1986  le groupe a chang\u00e9 son nom en ANUTABU.Ils sont all\u00e9s en studio enregistrer &#8220;HANDS OF TIME&#8221;,&#8221;TOO MUCH TALKING&#8221;,&#8221;TRUE LOVE&#8221; par Dave et &#8220;INDESTRUCTIBLE&#8221; paroles de Paul et music de Dave,les arrangements fait de tout le groupe. &#8220;HANDS OF TIME&#8221; est une des chansons post\u00e9es sur ce site.En 1986 le groupe \u00e9tait cens\u00e9 de tourner en Europe mais \u00e9\u00a1 cette \u00e9poque l&#8217;energie du groupe se dissipait et Paulest parti en tourn\u00e9e de l&#8217;Allemagne avec un autre groupe.Dave et Ian ont pass\u00e9s cette p\u00e9riode \u00e9\u00a1 se consacrer \u00e9\u00a1 leurs vies personelles et lorsque Paul \u00e9tait de retour fin Mars 1987 ANUTABU pr\u00e9parait des nouveaux morceaux et a quitt\u00e9 l&#8217;Angleterre pour tourner sur la COTE D&#8217;AZUR. La tourn\u00e9e \u00e9tait mal destin\u00e9e.Le groupe a explos\u00e9 et ils se sont s\u00e9par\u00e9 en Juillet. Paul Cockroft est d\u00e9c\u00e9d\u00e9 des suites d&#8217;un cancer de l&#8217;estomac en 1991. Ian vit encore dans le nord de l&#8217;Angleterre mais ne fait plus la musique.<\/p>\n<p>ZAFRAMOON<\/p>\n<p><a class=\"imagelink\" href=\"https:\/\/kwenzini.com\/main\/wp-content\/uploads\/2006\/11\/hp_scands_668110196_1.jpg\" title=\"hp_scands_668110196_1.jpg\"><img decoding=\"async\" id=\"image71\" src=\"https:\/\/kwenzini.com\/main\/wp-content\/uploads\/2006\/11\/hp_scands_668110196_1.thumbnail.jpg\" alt=\"hp_scands_668110196_1.jpg\" \/><\/a><br \/>\nSEE LINK for history.Dave&#8217;s longest lasting band to date.Founded by Dave in 1990 with PAT ZAFRA(bass).Played as a duo until FRANCK CADET a.k.a.K.D. (drums) joined in 1991.Later joined By FRED POINT (percussion\/backing vocals).Later members included THIERRY LANGE-BERTEAUX,KHOUDIR SAIDI (drums).JEROME ARMANDIE, LAURENT MOUILLET (bass).In it&#8217;s various forms the band lasted until 1999.The band also recorded 2 albums.(see DISCOGRAPHY) Of the original members,Pat lives in Val Thorens with partner Brigitte.They have 2 children. He continues to play in a blues band, but not professionally.Fred also lives withhis 2 children in Brittany,France.He too continues to play, also not professionally.K.D lives in the South of France with his wife Maryse and a daughter and plays in various bands professionally.<\/p>\n<p>THE WANTED<\/p>\n<p>After the final implosion of ZAFRAMOON in 1999 Dave went to St Martin(SXM) for the first time and THE WANTED was the band he joined . Dave on voice and guitar, Pete Breen on Bass and voice,the colossal Captain Banjo Bob was the leader of this band and played banjo and voice, Popeck on drums and D.C Blues on harmonica. The band played 9 gigs with Dave including the memorable New Year&#8217;s Night at Soggy Dollar Bar, Dutch side SXM to mark the turn of the new century.<\/p>\n<p>Apr\u00e9s l&#8217;implosion finale  de ZAFRAMOON en 1999 Dave est parti sur St Martin(SXM) pour la premiere fois o\u00f9 il a rejoint THE WANTED. Dave \u00e0 la guitare et voix,Pete Breen \u00e9\u00a1 la basse et voix,le collossale Capt Banjo Bob etait le leader au banjo et voix,Popeck assurait la batterie et l&#8217;ensemble etait complet\u00e9 par D.C Blues \u00e0 l&#8217;harmonica. Le groupe s&#8217;est produit 9 fois avec Dave,y compris l&#8217;inoubliable St Sylvestre au Soggy Dollar Bar,Cot\u00e9 Hollandais pour d\u00e9marrer le nouveau siecle.<\/p>\n","protected":false},"excerpt":{"rendered":"<p>THE APOCALYPSE CHOIR The Apocalypse Choir was Dave&#8217;s 1st band. It lasted from January 1981 until December of the same year. Formed with KATERINA ELHAJ(vx\/kbds),DAVE CALLADINE(vx\/ukelele), STEVE MARSDEN(bass), JOHN ARMSTRONG(Guitar),R.F.TWEEDY(M.C and madness),MAUGHNAH(Oboe), KATE MUSKER(viola),STALWART(sax),KIETH WATERHOUSE(drums) and STEVE ANDREWS(guitars\/bass).The band were the first band to open the now famous HEBDEN BRIDGE TRADES CLUB. in September 1981 &hellip; <a href=\"https:\/\/kwenzini.com\/main\/previous-bands-dave\/\" class=\"more-link\">Continue reading <span class=\"screen-reader-text\">PREVIOUS BANDS&#8211;DAVE<\/span> <span class=\"meta-nav\">&rarr;<\/span><\/a><\/p>\n","protected":false},"author":2,"featured_media":0,"parent":0,"menu_order":0,"comment_status":"open","ping_status":"open","template":"","meta":{"ngg_post_thumbnail":0,"footnotes":""},"class_list":["post-230","page","type-page","status-publish","hentry"],"_links":{"self":[{"href":"https:\/\/kwenzini.com\/main\/wp-json\/wp\/v2\/pages\/230","targetHints":{"allow":["GET"]}}],"collection":[{"href":"https:\/\/kwenzini.com\/main\/wp-json\/wp\/v2\/pages"}],"about":[{"href":"https:\/\/kwenzini.com\/main\/wp-json\/wp\/v2\/types\/page"}],"author":[{"embeddable":true,"href":"https:\/\/kwenzini.com\/main\/wp-json\/wp\/v2\/users\/2"}],"replies":[{"embeddable":true,"href":"https:\/\/kwenzini.com\/main\/wp-json\/wp\/v2\/comments?post=230"}],"version-history":[{"count":2,"href":"https:\/\/kwenzini.com\/main\/wp-json\/wp\/v2\/pages\/230\/revisions"}],"predecessor-version":[{"id":2608,"href":"https:\/\/kwenzini.com\/main\/wp-json\/wp\/v2\/pages\/230\/revisions\/2608"}],"wp:attachment":[{"href":"https:\/\/kwenzini.com\/main\/wp-json\/wp\/v2\/media?parent=230"}],"curies":[{"name":"wp","href":"https:\/\/api.w.org\/{rel}","templated":true}]}}