{"id":232,"date":"2008-09-04T13:15:40","date_gmt":"2008-09-04T13:15:40","guid":{"rendered":"http:\/\/kwenzini.com\/main\/index.php\/boutique\/"},"modified":"2021-03-14T07:40:05","modified_gmt":"2021-03-14T07:40:05","slug":"boutique","status":"publish","type":"page","link":"https:\/\/kwenzini.com\/main\/boutique\/","title":{"rendered":"BOUTIQUE"},"content":{"rendered":"<p>ALL music is available on Bandcamp.com. Full albums or selected tracks.<\/p>\n<p>TOUTE ma musique est disponible sur Bandcamp.com. Soit album complet, soit les morceaux individuels..<\/p>\n<p>https:\/\/mrskinband.bandcamp.com<\/p>\n<p>4 CDs. are&nbsp;available now on the iTunes store\/CD Baby\/Spotify\/Amazon\/Bandcamp . &nbsp;Those of you who prefer actual CDs, come to a gig and buy\/order them directly from the band!!!!!<\/p>\n<p>Alternatively, I can send them by post with shipment charges that exceed 2$\/\u20ac added to the disc price.<\/p>\n<p>4 &nbsp;CDs sont disponible dans la boutique iTunes \/CD Baby\/Spotify\/Amazon\/Bandcamp. Ceux qui pr\u00e9ferent des vrais disques, venez nous voir en concert et les acheter\/commander directement du groupe!!!.<\/p>\n<p>&lt;iframe scrolling=&#8221;no&#8221; style=&#8221;border: 0;width: 100%;height: 50px;&#8221; src=&#8221;https:\/\/bandcamp.com\/band_follow_button_deluxe\/3238626424&#8243;&gt;&lt;\/iframe&gt;<\/p>\n<p>Alternativement, je peux les envoyer par courier, le prix d&#8217;envoie qui d\u00e9passe $2\/\u20ac sera \u00e0 rajouter au prix du disque.<\/p>\n<p>BITCOIN ACCEPTED.\/PAYPAL PREFERRED<\/p>\n<p>BITCOIN ACCEPT\u00c9\/PAYPAL PR\u00c9F\u00c9R\u00c9.<\/p>\n<p>JONAH! 4 Track maxi-single&gt;&gt;&gt;5\u20ac\/$<\/p>\n<p><a href=\"https:\/\/kwenzini.com\/main\/wp-content\/uploads\/2020\/12\/Jonah.jpg\"><img loading=\"lazy\" decoding=\"async\" class=\"alignnone size-medium wp-image-3410\" src=\"https:\/\/kwenzini.com\/main\/wp-content\/uploads\/2020\/12\/Jonah-300x300.jpg\" alt=\"\" width=\"300\" height=\"300\" srcset=\"https:\/\/kwenzini.com\/main\/wp-content\/uploads\/2020\/12\/Jonah-300x300.jpg 300w, https:\/\/kwenzini.com\/main\/wp-content\/uploads\/2020\/12\/Jonah-1024x1024.jpg 1024w, https:\/\/kwenzini.com\/main\/wp-content\/uploads\/2020\/12\/Jonah-150x150.jpg 150w, https:\/\/kwenzini.com\/main\/wp-content\/uploads\/2020\/12\/Jonah-768x768.jpg 768w, https:\/\/kwenzini.com\/main\/wp-content\/uploads\/2020\/12\/Jonah.jpg 1417w\" sizes=\"auto, (max-width: 300px) 100vw, 300px\" \/><\/a><\/p>\n<p>&nbsp;<\/p>\n<p>THAT AWKWARD MOMENT.<\/p>\n<p>$10\/\u20ac10 from me signed and dedicated.<br>$10\/\u20ac10 directement de moi sign\u00e9\/d\u00e9dicac\u00e9<\/p>\n<p>&nbsp;<\/p>\n<h1><a href=\"https:\/\/kwenzini.com\/main\/wp-content\/uploads\/2015\/01\/mrskin-thatawkwardmoment-front-cover.jpg\"><img loading=\"lazy\" decoding=\"async\" class=\"alignnone size-full wp-image-300\" src=\"https:\/\/kwenzini.com\/main\/wp-content\/uploads\/2015\/01\/mrskin-thatawkwardmoment-front-cover.jpg\" alt=\"mrskin-thatawkwardmoment-front-cover.jpg\" width=\"640\" height=\"572\"><\/a><\/h1>\n<p>$10\/\u20ac10 from me signed and dedicated.<br>$10\/\u20ac10 directement de moi sign\u00e9\/d\u00e9dicac\u00e9<\/p>\n<p>&lt;iframe scrolling=&#8221;no&#8221; style=&#8221;border: 0;width: 100%;height: 50px;&#8221; src=&#8221;https:\/\/bandcamp.com\/band_follow_button_deluxe\/3238626424&#8243;&gt;&lt;\/iframe&gt;<\/p>\n<p>&nbsp;<\/p>\n<p>&#8220;SPIRIT OF ZAFRAMOON&#8221;<\/p>\n<p>$10\/\u20ac10 from me signed and dedicated.<br>$10\/\u20ac10 directement de moi sign\u00e9\/d\u00e9dicac\u00e9<\/p>\n<p>&nbsp;<\/p>\n<p><a href=\"https:\/\/kwenzini.com\/main\/wp-content\/uploads\/7979.jpg\"><img loading=\"lazy\" decoding=\"async\" class=\"alignnone size-full wp-image-200\" src=\"https:\/\/kwenzini.com\/main\/wp-content\/uploads\/7979.jpg\" alt=\"7979.jpg\" width=\"600\" height=\"598\"><\/a><\/p>\n<p>Available for download from Itunes. Amazon,CdBaby $12,97.<br>Disponible en t\u00e9l\u00e9chargement de iTunes, Amazon, CDBaby $12.97.<\/p>\n<p>&#8220;ONCE UPON A TIME&#8221;<\/p>\n<p>$8\/\u20ac8 directement from me signed and dedicated.<br>$8\/\u20ac8 directement de moi sign\u00e9\/d\u00e9dicac\u00e9<\/p>\n<p>Available for download from Itunes. Amazon,CdBaby $7,97.<br>Disponible en t\u00e9l\u00e9chargement de iTunes, Amazon, CDBaby $7<a href=\"https:\/\/kwenzini.com\/main\/wp-content\/uploads\/2008\/09\/311273_10151113814592091_969451716_n.jpg\"><img loading=\"lazy\" decoding=\"async\" class=\"alignnone size-medium wp-image-2676\" src=\"https:\/\/kwenzini.com\/main\/wp-content\/uploads\/2008\/09\/311273_10151113814592091_969451716_n-300x200.jpg\" alt=\"311273_10151113814592091_969451716_n\" width=\"300\" height=\"200\" srcset=\"https:\/\/kwenzini.com\/main\/wp-content\/uploads\/2008\/09\/311273_10151113814592091_969451716_n-300x200.jpg 300w, https:\/\/kwenzini.com\/main\/wp-content\/uploads\/2008\/09\/311273_10151113814592091_969451716_n.jpg 309w\" sizes=\"auto, (max-width: 300px) 100vw, 300px\" \/><\/a><\/p>\n\n\n<p><\/p>\n","protected":false},"excerpt":{"rendered":"<p>ALL music is available on Bandcamp.com. Full albums or selected tracks. TOUTE ma musique est disponible sur Bandcamp.com. Soit album complet, soit les morceaux individuels.. https:\/\/mrskinband.bandcamp.com 4 CDs. are&nbsp;available now on the iTunes store\/CD Baby\/Spotify\/Amazon\/Bandcamp . &nbsp;Those of you who prefer actual CDs, come to a gig and buy\/order them directly from the band!!!!! Alternatively, &hellip; <a href=\"https:\/\/kwenzini.com\/main\/boutique\/\" class=\"more-link\">Continue reading <span class=\"screen-reader-text\">BOUTIQUE<\/span> <span class=\"meta-nav\">&rarr;<\/span><\/a><\/p>\n","protected":false},"author":2,"featured_media":0,"parent":0,"menu_order":0,"comment_status":"open","ping_status":"closed","template":"","meta":{"ngg_post_thumbnail":0,"footnotes":""},"class_list":["post-232","page","type-page","status-publish","hentry"],"_links":{"self":[{"href":"https:\/\/kwenzini.com\/main\/wp-json\/wp\/v2\/pages\/232","targetHints":{"allow":["GET"]}}],"collection":[{"href":"https:\/\/kwenzini.com\/main\/wp-json\/wp\/v2\/pages"}],"about":[{"href":"https:\/\/kwenzini.com\/main\/wp-json\/wp\/v2\/types\/page"}],"author":[{"embeddable":true,"href":"https:\/\/kwenzini.com\/main\/wp-json\/wp\/v2\/users\/2"}],"replies":[{"embeddable":true,"href":"https:\/\/kwenzini.com\/main\/wp-json\/wp\/v2\/comments?post=232"}],"version-history":[{"count":16,"href":"https:\/\/kwenzini.com\/main\/wp-json\/wp\/v2\/pages\/232\/revisions"}],"predecessor-version":[{"id":3438,"href":"https:\/\/kwenzini.com\/main\/wp-json\/wp\/v2\/pages\/232\/revisions\/3438"}],"wp:attachment":[{"href":"https:\/\/kwenzini.com\/main\/wp-json\/wp\/v2\/media?parent=232"}],"curies":[{"name":"wp","href":"https:\/\/api.w.org\/{rel}","templated":true}]}}