{"id":6,"date":"2006-10-22T09:09:44","date_gmt":"2006-10-22T13:09:44","guid":{"rendered":"http:\/\/kwenzini.com\/?page_id=6"},"modified":"2025-07-12T17:42:33","modified_gmt":"2025-07-12T17:42:33","slug":"kwenzini-presents","status":"publish","type":"page","link":"https:\/\/kwenzini.com\/main\/","title":{"rendered":"WELCOME TO KWENZINI.COM"},"content":{"rendered":"\n<figure class=\"wp-block-embed is-type-video is-provider-youtube wp-block-embed-youtube wp-embed-aspect-16-9 wp-has-aspect-ratio\"><div class=\"wp-block-embed__wrapper\">\n<iframe loading=\"lazy\" title=\"YA NAH! Teaser 2025\" width=\"474\" height=\"267\" src=\"https:\/\/www.youtube.com\/embed\/nv-bDU09oMI?feature=oembed\" frameborder=\"0\" allow=\"accelerometer; autoplay; clipboard-write; encrypted-media; gyroscope; picture-in-picture; web-share\" referrerpolicy=\"strict-origin-when-cross-origin\" allowfullscreen><\/iframe>\n<\/div><\/figure>\n\n\n\n<p>KWENZINI is the name of the production company of Dave Morris aka Mr Skin. A singer-songwriter-guitarist and singer from Manchester UK , and living in The south of France.; and his band YA NAH!!<\/p>\n\n\n\n<p>KWENZINI est le nom de la compagnie de production de Dave Morris alias Mr Skin, un auteur-compositeur-interpr\u00e8te n\u00e9 \u00e0 Manchester, Royaume-Uni et r\u00e9sidant dans le sud de la France. et son groupe YA NAH!!<\/p>\n\n\n\n<figure class=\"wp-block-image size-large\"><a href=\"https:\/\/kwenzini.com\/main\/wp-content\/uploads\/2025\/07\/431473592_436933642143377_2329938342318065845_n-scaled.jpeg\"><img loading=\"lazy\" decoding=\"async\" width=\"1024\" height=\"682\" src=\"https:\/\/kwenzini.com\/main\/wp-content\/uploads\/2025\/07\/431473592_436933642143377_2329938342318065845_n-1024x682.jpeg\" alt=\"\" class=\"wp-image-4371\" srcset=\"https:\/\/kwenzini.com\/main\/wp-content\/uploads\/2025\/07\/431473592_436933642143377_2329938342318065845_n-1024x682.jpeg 1024w, https:\/\/kwenzini.com\/main\/wp-content\/uploads\/2025\/07\/431473592_436933642143377_2329938342318065845_n-300x200.jpeg 300w, https:\/\/kwenzini.com\/main\/wp-content\/uploads\/2025\/07\/431473592_436933642143377_2329938342318065845_n-768x512.jpeg 768w, https:\/\/kwenzini.com\/main\/wp-content\/uploads\/2025\/07\/431473592_436933642143377_2329938342318065845_n-1536x1023.jpeg 1536w, https:\/\/kwenzini.com\/main\/wp-content\/uploads\/2025\/07\/431473592_436933642143377_2329938342318065845_n-2048x1365.jpeg 2048w\" sizes=\"auto, (max-width: 1024px) 100vw, 1024px\" \/><\/a><\/figure>\n","protected":false},"excerpt":{"rendered":"<p>KWENZINI is the name of the production company of Dave Morris aka Mr Skin. A singer-songwriter-guitarist and singer from Manchester UK , and living in The south of France.; and his band YA NAH!! KWENZINI est le nom de la compagnie de production de Dave Morris alias Mr Skin, un auteur-compositeur-interpr\u00e8te n\u00e9 \u00e0 Manchester, Royaume-Uni &hellip; <a href=\"https:\/\/kwenzini.com\/main\/\" class=\"more-link\">Continue reading <span class=\"screen-reader-text\">WELCOME TO KWENZINI.COM<\/span> <span class=\"meta-nav\">&rarr;<\/span><\/a><\/p>\n","protected":false},"author":2,"featured_media":0,"parent":0,"menu_order":0,"comment_status":"open","ping_status":"open","template":"","meta":{"ngg_post_thumbnail":0,"footnotes":""},"class_list":["post-6","page","type-page","status-publish","hentry"],"_links":{"self":[{"href":"https:\/\/kwenzini.com\/main\/wp-json\/wp\/v2\/pages\/6","targetHints":{"allow":["GET"]}}],"collection":[{"href":"https:\/\/kwenzini.com\/main\/wp-json\/wp\/v2\/pages"}],"about":[{"href":"https:\/\/kwenzini.com\/main\/wp-json\/wp\/v2\/types\/page"}],"author":[{"embeddable":true,"href":"https:\/\/kwenzini.com\/main\/wp-json\/wp\/v2\/users\/2"}],"replies":[{"embeddable":true,"href":"https:\/\/kwenzini.com\/main\/wp-json\/wp\/v2\/comments?post=6"}],"version-history":[{"count":87,"href":"https:\/\/kwenzini.com\/main\/wp-json\/wp\/v2\/pages\/6\/revisions"}],"predecessor-version":[{"id":4372,"href":"https:\/\/kwenzini.com\/main\/wp-json\/wp\/v2\/pages\/6\/revisions\/4372"}],"wp:attachment":[{"href":"https:\/\/kwenzini.com\/main\/wp-json\/wp\/v2\/media?parent=6"}],"curies":[{"name":"wp","href":"https:\/\/api.w.org\/{rel}","templated":true}]}}